{"id":792,"date":"2022-05-10T07:04:36","date_gmt":"2022-05-10T07:04:36","guid":{"rendered":"https:\/\/maldantlapedra.cat\/sample-page\/"},"modified":"2025-08-01T09:12:07","modified_gmt":"2025-08-01T09:12:07","slug":"inicio","status":"publish","type":"page","link":"https:\/\/maldantlapedra.cat\/es\/","title":{"rendered":"Maldant la Pedra"},"content":{"rendered":"<p><div class=\"fusion-fullwidth fullwidth-box fusion-builder-row-1 fusion-flex-container nonhundred-percent-fullwidth non-hundred-percent-height-scrolling\" style=\"background-color: rgba(209,173,95,0.4);background-position: center center;background-repeat: no-repeat;border-width: 0px 0px 0px 0px;border-color:var(--awb-color3);border-style:solid;\" ><div class=\"fusion-builder-row fusion-row fusion-flex-align-items-stretch\" style=\"max-width:1248px;margin-left: calc(-4% \/ 2 );margin-right: calc(-4% \/ 2 );\"><div class=\"fusion-layout-column fusion_builder_column fusion-builder-column-0 fusion_builder_column_1_2 1_2 fusion-flex-column fusion-flex-align-self-stretch\"><div class=\"fusion-column-wrapper fusion-flex-justify-content-flex-start fusion-content-layout-column\" style=\"background-position:left top;background-repeat:no-repeat;-webkit-background-size:cover;-moz-background-size:cover;-o-background-size:cover;background-size:cover;padding: 80px 100px 80px 50px;\"><style type=\"text\/css\">@media only screen and (max-width:1024px) {.fusion-title.fusion-title-1{margin-top:10px!important; margin-right:0px!important;margin-bottom:50px!important;margin-left:0px!important;}}@media only screen and (max-width:640px) {.fusion-title.fusion-title-1{margin-top:10px!important; margin-right:0px!important;margin-bottom:10px!important; margin-left:0px!important;}}<\/style><div class=\"fusion-title title fusion-title-1 fusion-sep-none fusion-title-text fusion-title-size-one\" style=\"font-size:var(--awb-typography1-font-size);margin-top:10px;margin-right:0px;margin-bottom:50px;margin-left:0px;\"><h1 class=\"title-heading-left fusion-responsive-typography-calculated\" style=\"font-family:var(--awb-typography1-font-family);font-weight:var(--awb-typography1-font-weight);font-style:var(--awb-typography1-font-style);margin:0;font-size:1em;letter-spacing:var(--awb-typography1-letter-spacing);color:var(--awb-color5);--fontSize:46;line-height:var(--awb-typography1-line-height);\"><p class=\"p1\">Mald\u00e1 y la piedra seca<\/p><\/h1><\/div><div class=\"fusion-text fusion-text-1\" style=\"font-size:var(--awb-typography4-font-size);line-height:var(--awb-typography4-line-height);letter-spacing:var(--awb-typography4-letter-spacing);text-transform:var(--awb-typography4-text-transform);color:var(--awb-color8);font-family:var(--awb-typography4-font-family);font-weight:var(--awb-typography4-font-weight);font-style:var(--awb-typography4-font-style);margin-left:20px;\"><p>Mald\u00e1 es un municipio de la comarca del Urgell, en el Valle del r\u00edo Corb. La piedra forma parte de su historia desde tiempos ancestrales. Son testigo los vestigios de los primeros pobladores \u00edberos del Maldanell y las tumbas excavadas directamente en la roca o la presencia de un dolmen.<\/p>\n<p>Los restos romanos cercanos del paraje de la Oliva, tambi\u00e9n nos demuestran la importancia de este material que, posteriormente, fue fundamental en la construcci\u00f3n del pueblo medieval, con su castillo, la torre de vig\u00eda, la iglesia barroca de Santa Maria y las ermitas de Sant Pere y de Sant Joan. La arquitectura popular tambi\u00e9n la ha utilizado de forma intensiva. Torres y casas particulares, pajares, establos, abrevaderos, molinos, lavadores, m\u00e1rgenes, caba\u00f1as, grutas muradas, estelas, cogujas&#8230;<\/p>\n<p>La t\u00e9cnica de la piedra seca ha sido declarada Patrimonio Cultural Inmaterial por la UNESCO. Por eso el Ajuntament de Mald\u00e0, considerando el potencial tur\u00edstico y cultural que tiene esta tradici\u00f3n tan nostrada, promueve el festival Maldant la Pedra, como un homenaje al territorio, reivindicando su valor desde la vertiente art\u00edstica.<\/p>\n<\/div><\/div><style type=\"text\/css\">.fusion-body .fusion-builder-column-0{width:50% !important;margin-top : 0px;margin-bottom : 0px;}.fusion-builder-column-0 > .fusion-column-wrapper {padding-top : 80px !important;padding-right : 100px !important;margin-right : 0px;padding-bottom : 80px !important;padding-left : 50px !important;margin-left : 0px;}@media only screen and (max-width:1024px) {.fusion-body .fusion-builder-column-0{width:50% !important;order : 0;}.fusion-builder-column-0 > .fusion-column-wrapper {margin-right : 0px;margin-left : 0px;}}@media only screen and (max-width:640px) {.fusion-body .fusion-builder-column-0{width:100% !important;order : 0;}.fusion-builder-column-0 > .fusion-column-wrapper {padding-top : 50px !important;padding-right : 5% !important;margin-right : 1.92%;padding-bottom : 7px !important;padding-left : 5% !important;margin-left : 1.92%;}}<\/style><\/div><div class=\"fusion-layout-column fusion_builder_column fusion-builder-column-1 fusion_builder_column_1_2 1_2 fusion-flex-column fusion-flex-align-self-stretch\"><div class=\"fusion-column-wrapper fusion-flex-justify-content-space-between fusion-content-layout-row fusion-flex-align-items-stretch fusion-empty-column-bg-image\" style=\"background-image: url(&#039;https:\/\/maldantlapedra.cat\/wp-content\/uploads\/2022\/05\/IMG_8461.jpg&#039;);background-position:center center;background-repeat:no-repeat;-webkit-background-size:cover;-moz-background-size:cover;-o-background-size:cover;background-size:cover;padding: 0px 0px 0px 0px;\" data-bg-url=\"https:\/\/maldantlapedra.cat\/wp-content\/uploads\/2022\/05\/IMG_8461.jpg\"><img decoding=\"async\" class=\"fusion-empty-dims-img-placeholder fusion-no-large-visibility fusion-no-medium-visibility\" src=\"data:image\/svg+xml,%3Csvg%20xmlns%3D%27http%3A%2F%2Fwww.w3.org%2F2000%2Fsvg%27%20width%3D%272000%27%20height%3D%271500%27%20viewBox%3D%270%200%202000%201500%27%3E%3Crect%20width%3D%272000%27%20height%3D%271500%27%20fill-opacity%3D%220%22%2F%3E%3C%2Fsvg%3E\"><\/div><style type=\"text\/css\">.fusion-body .fusion-builder-column-1{width:50% !important;margin-top : 0px;margin-bottom : 0px;}.fusion-builder-column-1 > .fusion-column-wrapper {padding-top : 0px !important;padding-right : 0px !important;margin-right : 0px;padding-bottom : 0px !important;padding-left : 0px !important;margin-left : 0px;}@media only screen and (max-width:1024px) {.fusion-body .fusion-builder-column-1{width:50% !important;order : 0;}.fusion-builder-column-1 > .fusion-column-wrapper {margin-right : 0px;margin-left : 0px;}}@media only screen and (max-width:640px) {.fusion-body .fusion-builder-column-1{width:100% !important;order : 0;}.fusion-builder-column-1 > .fusion-column-wrapper {padding-right : 0px !important;margin-right : 0px;padding-left : 0px !important;margin-left : 0px;}}<\/style><\/div><\/div><style type=\"text\/css\">.fusion-body .fusion-flex-container.fusion-builder-row-1{ padding-top : 0px;margin-top : 0px;padding-right : 0px;padding-bottom : 0px;margin-bottom : 0px;padding-left : 0px;}<\/style><\/div><div class=\"fusion-fullwidth fullwidth-box fusion-builder-row-2 fusion-flex-container fusion-parallax-fixed hundred-percent-fullwidth non-hundred-percent-height-scrolling\" style=\"background-color: rgba(255,255,255,0);background-image: url(&quot;https:\/\/maldantlapedra.cat\/wp-content\/uploads\/2022\/05\/Maldant-la-pedra2.jpg&quot;);background-position: right top;background-repeat: no-repeat;border-width: 0px 0px 0px 0px;border-color:var(--awb-color3);border-style:solid;-webkit-background-size:cover;-moz-background-size:cover;-o-background-size:cover;background-size:cover;background-attachment:fixed;\" ><div class=\"fusion-builder-row fusion-row fusion-flex-align-items-stretch fusion-flex-align-content-space-between\" style=\"width:104% !important;max-width:104% !important;margin-left: calc(-4% \/ 2 );margin-right: calc(-4% \/ 2 );\"><div class=\"fusion-layout-column fusion_builder_column fusion-builder-column-2 fusion_builder_column_1_2 1_2 fusion-flex-column fusion-flex-align-self-stretch\"><div class=\"fusion-column-wrapper fusion-flex-justify-content-space-between fusion-content-layout-column\" style=\"background-position:left top;background-repeat:no-repeat;-webkit-background-size:cover;-moz-background-size:cover;-o-background-size:cover;background-size:cover;background-color:var(--awb-color1);padding: 80px 100px 80px 100px;\"><style type=\"text\/css\">@media only screen and (max-width:1024px) {.fusion-title.fusion-title-2{margin-top:10px!important; margin-right:0px!important;margin-bottom:50px!important;margin-left:0px!important;}}@media only screen and (max-width:640px) {.fusion-title.fusion-title-2{margin-top:10px!important; margin-right:0px!important;margin-bottom:10px!important; margin-left:0px!important;}}<\/style><div class=\"fusion-title title fusion-title-2 fusion-sep-none fusion-title-text fusion-title-size-one\" style=\"font-size:var(--awb-typography1-font-size);margin-top:10px;margin-right:0px;margin-bottom:50px;margin-left:0px;\"><h1 class=\"title-heading-left fusion-responsive-typography-calculated\" style=\"font-family:var(--awb-typography1-font-family);font-weight:var(--awb-typography1-font-weight);font-style:var(--awb-typography1-font-style);margin:0;font-size:1em;letter-spacing:var(--awb-typography1-letter-spacing);color:var(--awb-color5);--fontSize:46;line-height:var(--awb-typography1-line-height);\"><p class=\"p1\">El festival Maldant la Pedra<\/p><\/h1><\/div><div class=\"fusion-text fusion-text-2\" style=\"font-size:var(--awb-typography4-font-size);line-height:var(--awb-typography4-line-height);letter-spacing:var(--awb-typography4-letter-spacing);text-transform:var(--awb-typography4-text-transform);color:var(--awb-color8);font-family:var(--awb-typography4-font-family);font-weight:var(--awb-typography4-font-weight);font-style:var(--awb-typography4-font-style);margin-left:20px;\"><p>Se trata de una iniciativa pionera donde el Ajuntament de Mald\u00e0 invita a una serie de artistas con renombre internacional dentro del campo de la escultura realizada con piedra. A lo largo de una semana estos artistas intervienen <em>in situ<\/em> trabajando la piedra de Mald\u00e1 que ellos mismos han escogido. Sus creaciones quedan instaladas a lo largo del camino que sube hasta la ermita de Sant Joan, creando un aut\u00e9ntico museo de escultura al aire libre.<\/p>\n<p>La idea es que, con el transcurso de los a\u00f1os, el legado art\u00edstico pase a formar parte del patrimonio cultural y tur\u00edstico de Mald\u00e1 y sea libremente visitable, de modo que el festival Maldant la Pedra se consolide en la comarca.<\/p>\n<p>Asimismo, el festival tiene tambi\u00e9n el valor a\u00f1adido de las actividades paralelas que se celebran. Talleres de iniciaci\u00f3n a la escultura para ni\u00f1os, charlas y coloquios, exposiciones o conciertos de m\u00fasica, son algunos de los actos que le acompa\u00f1an y complementan.<\/p>\n<\/div><style type=\"text\/css\">@media only screen and (max-width:1024px) {.fusion-title.fusion-title-3{margin-top:10px!important; margin-right:0px!important;margin-bottom:25px!important;margin-left:0px!important;}}@media only screen and (max-width:640px) {.fusion-title.fusion-title-3{margin-top:10px!important; margin-right:0px!important;margin-bottom:10px!important; margin-left:0px!important;}}<\/style><div class=\"fusion-title title fusion-title-3 fusion-sep-none fusion-title-text fusion-title-size-one\" style=\"font-size:30px;margin-top:10px;margin-right:0px;margin-bottom:25px;margin-left:0px;\"><h1 class=\"title-heading-left fusion-responsive-typography-calculated\" style=\"font-family:var(--awb-typography1-font-family);font-weight:var(--awb-typography1-font-weight);font-style:var(--awb-typography1-font-style);margin:0;font-size:1em;letter-spacing:var(--awb-typography1-letter-spacing);color:var(--awb-color5);--fontSize:30;line-height:var(--awb-typography1-line-height);\"><p class=\"p1\">Objectivos del festival<\/p><\/h1><\/div><div class=\"fusion-text fusion-text-3\" style=\"font-size:var(--awb-typography4-font-size);line-height:var(--awb-typography4-line-height);letter-spacing:var(--awb-typography4-letter-spacing);text-transform:var(--awb-typography4-text-transform);color:var(--awb-color8);font-family:var(--awb-typography4-font-family);font-weight:var(--awb-typography4-font-weight);font-style:var(--awb-typography4-font-style);margin-left:0px;\"><ul class=\"ul1\">\n<li class=\"li1\"><span class=\"VIiyi\" lang=\"es\"><span class=\"JLqJ4b ChMk0b\" data-language-for-alternatives=\"es\" data-language-to-translate-into=\"ca\" data-phrase-index=\"0\" data-number-of-phrases=\"7\"><span class=\"Q4iAWc\">Poner en valor la piedra como elemento de creaci\u00f3n art\u00edstica b\u00e1sico en la evoluci\u00f3n de la humanidad.<\/span><\/span> <span class=\"JLqJ4b ChMk0b\" data-language-for-alternatives=\"es\" data-language-to-translate-into=\"ca\" data-phrase-index=\"1\" data-number-of-phrases=\"7\"><span class=\"Q4iAWc\">Un v\u00ednculo que tiene especial relevancia con el uso constructivo que tradicionalmente se le ha dado en Mald\u00e1.<\/span><\/span> <\/span><\/li>\n<li class=\"li1\"><span class=\"VIiyi\" lang=\"es\"><span class=\"JLqJ4b ChMk0b\" data-language-for-alternatives=\"es\" data-language-to-translate-into=\"ca\" data-phrase-index=\"3\" data-number-of-phrases=\"7\"><span class=\"Q4iAWc\">Promover el arte como elemento presente en los micropueblos y que sirva para aumentar el tejido cultural que puede ofrecer el territorio.<\/span><\/span> <\/span><\/li>\n<li class=\"li1\"><span class=\"VIiyi\" lang=\"es\"><span class=\"JLqJ4b ChMk0b\" data-language-for-alternatives=\"es\" data-language-to-translate-into=\"ca\" data-phrase-index=\"5\" data-number-of-phrases=\"7\"><span class=\"Q4iAWc\">Que se convierta en un referente en Catalu\u00f1a y un foco de inter\u00e9s tur\u00edstico para el pueblo y para la comarca, generando unas sinergias positivas que dinamicen y que ayuden a explicar todo lo que hemos sido, lo que somos y hacia d\u00f3nde vamos, poniendo en valor la<\/span><\/span> <span class=\"JLqJ4b ChMk0b\" data-language-for-alternatives=\"es\" data-language-to-translate-into=\"ca\" data-phrase-index=\"6\" data-number-of-phrases=\"7\"><span class=\"Q4iAWc\">singularidad de la vida rural.<\/span><\/span><\/span><\/li>\n<\/ul>\n<\/div><\/div><style type=\"text\/css\">.fusion-body .fusion-builder-column-2{width:50% !important;margin-top : 0px;margin-bottom : 0px;}.fusion-builder-column-2 > .fusion-column-wrapper {padding-top : 80px !important;padding-right : 100px !important;margin-right : 3.84%;padding-bottom : 80px !important;padding-left : 100px !important;margin-left : 3.84%;}@media only screen and (max-width:1024px) {.fusion-body .fusion-builder-column-2{width:50% !important;order : 0;}.fusion-builder-column-2 > .fusion-column-wrapper {margin-right : 3.84%;margin-left : 3.84%;}}@media only screen and (max-width:640px) {.fusion-body .fusion-builder-column-2{width:100% !important;order : 0;}.fusion-builder-column-2 > .fusion-column-wrapper {padding-right : 50px !important;margin-right : 1.92%;padding-left : 50px !important;margin-left : 1.92%;}}<\/style><\/div><\/div><style type=\"text\/css\">.fusion-body .fusion-flex-container.fusion-builder-row-2{ padding-top : 0px;margin-top : 0px;padding-right : 0px;padding-bottom : 0px;margin-bottom : 0px;padding-left : 0px;}@media only screen and (max-width:640px) {.fusion-body .fusion-flex-container.fusion-builder-row-2{ padding-left : 0px;}}<\/style><\/div><\/p>\n","protected":false},"excerpt":{"rendered":"","protected":false},"author":1,"featured_media":0,"parent":0,"menu_order":0,"comment_status":"closed","ping_status":"open","template":"100-width.php","meta":{"footnotes":""},"class_list":["post-792","page","type-page","status-publish","hentry"],"_links":{"self":[{"href":"https:\/\/maldantlapedra.cat\/es\/wp-json\/wp\/v2\/pages\/792","targetHints":{"allow":["GET"]}}],"collection":[{"href":"https:\/\/maldantlapedra.cat\/es\/wp-json\/wp\/v2\/pages"}],"about":[{"href":"https:\/\/maldantlapedra.cat\/es\/wp-json\/wp\/v2\/types\/page"}],"author":[{"embeddable":true,"href":"https:\/\/maldantlapedra.cat\/es\/wp-json\/wp\/v2\/users\/1"}],"replies":[{"embeddable":true,"href":"https:\/\/maldantlapedra.cat\/es\/wp-json\/wp\/v2\/comments?post=792"}],"version-history":[{"count":5,"href":"https:\/\/maldantlapedra.cat\/es\/wp-json\/wp\/v2\/pages\/792\/revisions"}],"predecessor-version":[{"id":877,"href":"https:\/\/maldantlapedra.cat\/es\/wp-json\/wp\/v2\/pages\/792\/revisions\/877"}],"wp:attachment":[{"href":"https:\/\/maldantlapedra.cat\/es\/wp-json\/wp\/v2\/media?parent=792"}],"curies":[{"name":"wp","href":"https:\/\/api.w.org\/{rel}","templated":true}]}}